{"id":7961,"date":"2026-04-13T09:37:42","date_gmt":"2026-04-13T07:37:42","guid":{"rendered":"https:\/\/lesgalants.prod-comunimage.com\/?page_id=7961"},"modified":"2026-04-15T11:43:13","modified_gmt":"2026-04-15T09:43:13","slug":"legal-notice","status":"publish","type":"page","link":"https:\/\/lesgalants.prod-comunimage.com\/en\/mentions-legales\/","title":{"rendered":"Legal notice"},"content":{"rendered":"\t\t<div data-elementor-type=\"wp-page\" data-elementor-id=\"7961\" class=\"elementor elementor-7961\">\n\t\t\t\t<div class=\"elementor-element elementor-element-2257733b e-flex e-con-boxed e-con e-parent\" data-id=\"2257733b\" data-element_type=\"container\" data-e-type=\"container\">\n\t\t\t\t\t<div class=\"e-con-inner\">\n\t\t\t\t<div class=\"elementor-element elementor-element-315bce0 elementor-widget elementor-widget-text-editor\" data-id=\"315bce0\" data-element_type=\"widget\" data-e-type=\"widget\" data-widget_type=\"text-editor.default\">\n\t\t\t\t\t\t\t\t\t<h2>Propri\u00e9t\u00e9 du site<\/h2><p>Le pr\u00e9sent site est la propri\u00e9t\u00e9 de la SASU LES GALANTS au capital de 35 000 euros, inscrite sous le n\u00b0 752 700 716 00018, dont le si\u00e8ge est situ\u00e9 :<\/p><p>route d\u2019Arquian 58310 Saint-V\u00e9rain<br \/>T\u00e9l\u00e9phone : 09.50.85.69.35<br \/>contact[at]lesgalants.fr<\/p><h2>Direction de la publication<\/h2><p>Le directeur de la publication du site www.lesgalants.fr est monsieur Xavier Malapert, en qualit\u00e9 de dirigeant de la SASU LES GALANTS<\/p><h2>Conception du site<\/h2><p>Le pr\u00e9sent site a \u00e9t\u00e9 r\u00e9alis\u00e9 par Comunimage Agence Web. Sp\u00e9cialis\u00e9e dans la <a href=\"https:\/\/www.comunimage-agenceweb.com\/\" target=\"_blank\" rel=\"noopener\">cr\u00e9ation de site internet \u00e0 Cannes<\/a>, le r\u00e9f\u00e9rencement naturel et la cr\u00e9ation graphique, l\u2019agence web se situe :<\/p><p>88 Avenue du Mar\u00e9chal Gallieni 06400 Cannes<br \/>T\u00e9l\u00e9phone : 06.25.31.51.10<br \/>contact[at]comunimage-agenceweb.com<br \/>https:\/\/www.comunimage-agenceweb.com<\/p><h2>H\u00e9bergement du site<\/h2><p>Le prestataire assurant l\u2019h\u00e9bergement du site est la soci\u00e9t\u00e9 LWS dont le si\u00e8ge est situ\u00e9 :<\/p><p>4 Rue Galvani<br \/>75838 Paris \u2013 Cedex 17<br \/>FRANCE<\/p>\t\t\t\t\t\t\t\t<\/div>\n\t\t\t\t\t<\/div>\n\t\t\t\t<\/div>\n\t\t\t\t<\/div>\n\t\t","protected":false},"excerpt":{"rendered":"<p>Propri\u00e9t\u00e9 du site Le pr\u00e9sent site est la propri\u00e9t\u00e9 de la SASU LES GALANTS au capital de 35 000 euros, inscrite sous le n\u00b0 752 [&hellip;]<\/p>\n","protected":false},"author":1,"featured_media":0,"parent":0,"menu_order":0,"comment_status":"closed","ping_status":"closed","template":"","meta":{"_acf_changed":false,"footnotes":""},"class_list":["post-7961","page","type-page","status-publish","hentry","luxed-post"],"acf":[],"yoast_head":"<!-- This site is optimized with the Yoast SEO plugin v27.4 - https:\/\/yoast.com\/product\/yoast-seo-wordpress\/ -->\n<title>Mentions l\u00e9gales du site Les Galants \u00e0 Saint-V\u00e9rain<\/title>\n<meta name=\"description\" content=\"Le pr\u00e9sent site est la propri\u00e9t\u00e9 de la SASU LES GALANTS, inscrite sous le n\u00b0 752 700 716 00018, dont le si\u00e8ge est situ\u00e9 58310 Saint-V\u00e9rain.\" \/>\n<meta name=\"robots\" content=\"index, follow, max-snippet:-1, max-image-preview:large, max-video-preview:-1\" \/>\n<link rel=\"canonical\" href=\"https:\/\/lesgalants.prod-comunimage.com\/en\/legal-notice\/\" \/>\n<meta property=\"og:locale\" content=\"en_GB\" \/>\n<meta property=\"og:type\" content=\"article\" \/>\n<meta property=\"og:title\" content=\"Mentions l\u00e9gales du site Les Galants \u00e0 Saint-V\u00e9rain\" \/>\n<meta property=\"og:description\" content=\"Le pr\u00e9sent site est la propri\u00e9t\u00e9 de la SASU LES GALANTS, inscrite sous le n\u00b0 752 700 716 00018, dont le si\u00e8ge est situ\u00e9 58310 Saint-V\u00e9rain.\" \/>\n<meta property=\"og:url\" content=\"https:\/\/lesgalants.prod-comunimage.com\/en\/legal-notice\/\" \/>\n<meta property=\"og:site_name\" content=\"Les Galants\" \/>\n<meta property=\"article:modified_time\" content=\"2026-04-15T09:43:13+00:00\" \/>\n<meta name=\"twitter:card\" content=\"summary_large_image\" \/>\n<meta name=\"twitter:label1\" content=\"Estimated reading time\" \/>\n\t<meta name=\"twitter:data1\" content=\"1 minute\" \/>\n<script type=\"application\/ld+json\" class=\"yoast-schema-graph\">{\"@context\":\"https:\\\/\\\/schema.org\",\"@graph\":[{\"@type\":\"WebPage\",\"@id\":\"https:\\\/\\\/lesgalants.prod-comunimage.com\\\/mentions-legales\\\/\",\"url\":\"https:\\\/\\\/lesgalants.prod-comunimage.com\\\/mentions-legales\\\/\",\"name\":\"Mentions l\u00e9gales du site Les Galants \u00e0 Saint-V\u00e9rain\",\"isPartOf\":{\"@id\":\"https:\\\/\\\/lesgalants.prod-comunimage.com\\\/#website\"},\"datePublished\":\"2026-04-13T07:37:42+00:00\",\"dateModified\":\"2026-04-15T09:43:13+00:00\",\"description\":\"Le pr\u00e9sent site est la propri\u00e9t\u00e9 de la SASU LES GALANTS, inscrite sous le n\u00b0 752 700 716 00018, dont le si\u00e8ge est situ\u00e9 58310 Saint-V\u00e9rain.\",\"breadcrumb\":{\"@id\":\"https:\\\/\\\/lesgalants.prod-comunimage.com\\\/mentions-legales\\\/#breadcrumb\"},\"inLanguage\":\"en-GB\",\"potentialAction\":[{\"@type\":\"ReadAction\",\"target\":[\"https:\\\/\\\/lesgalants.prod-comunimage.com\\\/mentions-legales\\\/\"]}]},{\"@type\":\"BreadcrumbList\",\"@id\":\"https:\\\/\\\/lesgalants.prod-comunimage.com\\\/mentions-legales\\\/#breadcrumb\",\"itemListElement\":[{\"@type\":\"ListItem\",\"position\":1,\"name\":\"Accueil\",\"item\":\"https:\\\/\\\/lesgalants.prod-comunimage.com\\\/\"},{\"@type\":\"ListItem\",\"position\":2,\"name\":\"Mentions l\u00e9gales\"}]},{\"@type\":\"WebSite\",\"@id\":\"https:\\\/\\\/lesgalants.prod-comunimage.com\\\/#website\",\"url\":\"https:\\\/\\\/lesgalants.prod-comunimage.com\\\/\",\"name\":\"Les Galants\",\"description\":\"Location cabanes insolites en Bourgogne\",\"publisher\":{\"@id\":\"https:\\\/\\\/lesgalants.prod-comunimage.com\\\/#organization\"},\"potentialAction\":[{\"@type\":\"SearchAction\",\"target\":{\"@type\":\"EntryPoint\",\"urlTemplate\":\"https:\\\/\\\/lesgalants.prod-comunimage.com\\\/?s={search_term_string}\"},\"query-input\":{\"@type\":\"PropertyValueSpecification\",\"valueRequired\":true,\"valueName\":\"search_term_string\"}}],\"inLanguage\":\"en-GB\"},{\"@type\":\"Organization\",\"@id\":\"https:\\\/\\\/lesgalants.prod-comunimage.com\\\/#organization\",\"name\":\"Les Galants\",\"url\":\"https:\\\/\\\/lesgalants.prod-comunimage.com\\\/\",\"logo\":{\"@type\":\"ImageObject\",\"inLanguage\":\"en-GB\",\"@id\":\"https:\\\/\\\/lesgalants.prod-comunimage.com\\\/#\\\/schema\\\/logo\\\/image\\\/\",\"url\":\"https:\\\/\\\/lesgalants.prod-comunimage.com\\\/wp-content\\\/uploads\\\/2026\\\/03\\\/logo-galants.png\",\"contentUrl\":\"https:\\\/\\\/lesgalants.prod-comunimage.com\\\/wp-content\\\/uploads\\\/2026\\\/03\\\/logo-galants.png\",\"width\":163,\"height\":130,\"caption\":\"Les Galants\"},\"image\":{\"@id\":\"https:\\\/\\\/lesgalants.prod-comunimage.com\\\/#\\\/schema\\\/logo\\\/image\\\/\"}}]}<\/script>\n<!-- \/ Yoast SEO plugin. -->","yoast_head_json":{"title":"Legal notice \u2013 Les Galants, Saint-V\u00e9rain","description":"This website is the property of SASU LES GALANTS, registered under number 752 700 716 00018, with its registered office located in 58310 Saint-V\u00e9rain.","robots":{"index":"index","follow":"follow","max-snippet":"max-snippet:-1","max-image-preview":"max-image-preview:large","max-video-preview":"max-video-preview:-1"},"canonical":"https:\/\/lesgalants.prod-comunimage.com\/en\/legal-notice\/","og_locale":"en_GB","og_type":"article","og_title":"Mentions l\u00e9gales du site Les Galants \u00e0 Saint-V\u00e9rain","og_description":"Le pr\u00e9sent site est la propri\u00e9t\u00e9 de la SASU LES GALANTS, inscrite sous le n\u00b0 752 700 716 00018, dont le si\u00e8ge est situ\u00e9 58310 Saint-V\u00e9rain.","og_url":"https:\/\/lesgalants.prod-comunimage.com\/en\/legal-notice\/","og_site_name":"Les Galants","article_modified_time":"2026-04-15T09:43:13+00:00","twitter_card":"summary_large_image","twitter_misc":{"Estimated reading time":"1 minute"},"schema":{"@context":"https:\/\/schema.org","@graph":[{"@type":"WebPage","@id":"https:\/\/lesgalants.prod-comunimage.com\/mentions-legales\/","url":"https:\/\/lesgalants.prod-comunimage.com\/mentions-legales\/","name":"Legal notice \u2013 Les Galants, Saint-V\u00e9rain","isPartOf":{"@id":"https:\/\/lesgalants.prod-comunimage.com\/#website"},"datePublished":"2026-04-13T07:37:42+00:00","dateModified":"2026-04-15T09:43:13+00:00","description":"This website is the property of SASU LES GALANTS, registered under number 752 700 716 00018, with its registered office located in 58310 Saint-V\u00e9rain.","breadcrumb":{"@id":"https:\/\/lesgalants.prod-comunimage.com\/mentions-legales\/#breadcrumb"},"inLanguage":"en-GB","potentialAction":[{"@type":"ReadAction","target":["https:\/\/lesgalants.prod-comunimage.com\/mentions-legales\/"]}]},{"@type":"BreadcrumbList","@id":"https:\/\/lesgalants.prod-comunimage.com\/mentions-legales\/#breadcrumb","itemListElement":[{"@type":"ListItem","position":1,"name":"Accueil","item":"https:\/\/lesgalants.prod-comunimage.com\/"},{"@type":"ListItem","position":2,"name":"Mentions l\u00e9gales"}]},{"@type":"WebSite","@id":"https:\/\/lesgalants.prod-comunimage.com\/#website","url":"https:\/\/lesgalants.prod-comunimage.com\/","name":"Les Galants","description":"Unusual treehouse rentals in Burgundy","publisher":{"@id":"https:\/\/lesgalants.prod-comunimage.com\/#organization"},"potentialAction":[{"@type":"SearchAction","target":{"@type":"EntryPoint","urlTemplate":"https:\/\/lesgalants.prod-comunimage.com\/?s={search_term_string}"},"query-input":{"@type":"PropertyValueSpecification","valueRequired":true,"valueName":"search_term_string"}}],"inLanguage":"en-GB"},{"@type":"Organization","@id":"https:\/\/lesgalants.prod-comunimage.com\/#organization","name":"Les Galants","url":"https:\/\/lesgalants.prod-comunimage.com\/","logo":{"@type":"ImageObject","inLanguage":"en-GB","@id":"https:\/\/lesgalants.prod-comunimage.com\/#\/schema\/logo\/image\/","url":"https:\/\/lesgalants.prod-comunimage.com\/wp-content\/uploads\/2026\/03\/logo-galants.png","contentUrl":"https:\/\/lesgalants.prod-comunimage.com\/wp-content\/uploads\/2026\/03\/logo-galants.png","width":163,"height":130,"caption":"Les Galants"},"image":{"@id":"https:\/\/lesgalants.prod-comunimage.com\/#\/schema\/logo\/image\/"}}]}},"_links":{"self":[{"href":"https:\/\/lesgalants.prod-comunimage.com\/en\/wp-json\/wp\/v2\/pages\/7961","targetHints":{"allow":["GET"]}}],"collection":[{"href":"https:\/\/lesgalants.prod-comunimage.com\/en\/wp-json\/wp\/v2\/pages"}],"about":[{"href":"https:\/\/lesgalants.prod-comunimage.com\/en\/wp-json\/wp\/v2\/types\/page"}],"author":[{"embeddable":true,"href":"https:\/\/lesgalants.prod-comunimage.com\/en\/wp-json\/wp\/v2\/users\/1"}],"replies":[{"embeddable":true,"href":"https:\/\/lesgalants.prod-comunimage.com\/en\/wp-json\/wp\/v2\/comments?post=7961"}],"version-history":[{"count":10,"href":"https:\/\/lesgalants.prod-comunimage.com\/en\/wp-json\/wp\/v2\/pages\/7961\/revisions"}],"predecessor-version":[{"id":8107,"href":"https:\/\/lesgalants.prod-comunimage.com\/en\/wp-json\/wp\/v2\/pages\/7961\/revisions\/8107"}],"wp:attachment":[{"href":"https:\/\/lesgalants.prod-comunimage.com\/en\/wp-json\/wp\/v2\/media?parent=7961"}],"curies":[{"name":"wp","href":"https:\/\/api.w.org\/{rel}","templated":true}]}}