{"id":8060,"date":"2026-04-15T10:06:35","date_gmt":"2026-04-15T08:06:35","guid":{"rendered":"https:\/\/lesgalants.prod-comunimage.com\/?page_id=8060"},"modified":"2026-04-15T10:39:21","modified_gmt":"2026-04-15T08:39:21","slug":"livre-d-or","status":"publish","type":"page","link":"https:\/\/lesgalants.prod-comunimage.com\/en\/livre-d-or\/","title":{"rendered":"Livre d&#8217;Or"},"content":{"rendered":"<div data-elementor-type=\"wp-page\" data-elementor-id=\"8060\" class=\"elementor elementor-8060\">\n\t\t\t\t\t\t<section class=\"elementor-section elementor-top-section elementor-element elementor-element-4c6f6bd elementor-section-height-min-height elementor-section-boxed elementor-section-height-default elementor-section-items-middle no no no\" data-id=\"4c6f6bd\" data-element_type=\"section\" data-e-type=\"section\" data-settings=\"{&quot;background_background&quot;:&quot;classic&quot;}\">\n\t\t\t\t\t\t\t<div class=\"elementor-background-overlay\"><\/div>\n\t\t\t\t\t\t\t<div class=\"elementor-container elementor-column-gap-default\">\n\t\t\t\t\t<div class=\"elementor-column elementor-col-100 elementor-top-column elementor-element elementor-element-f824844\" data-id=\"f824844\" data-element_type=\"column\" data-e-type=\"column\">\n\t\t\t<div class=\"elementor-widget-wrap\">\n\t\t\t\t\t\t\t<\/div>\n\t\t<\/div>\n\t\t\t\t\t<\/div>\n\t\t<\/section>\n\t\t\t\t<section class=\"elementor-section elementor-top-section elementor-element elementor-element-ddf06c4 elementor-section-boxed elementor-section-height-default elementor-section-height-default no no no\" data-id=\"ddf06c4\" data-element_type=\"section\" data-e-type=\"section\" data-settings=\"{&quot;background_background&quot;:&quot;classic&quot;}\">\n\t\t\t\t\t\t<div class=\"elementor-container elementor-column-gap-default\">\n\t\t\t\t\t<div class=\"elementor-column elementor-col-100 elementor-top-column elementor-element elementor-element-293c702\" data-id=\"293c702\" data-element_type=\"column\" data-e-type=\"column\">\n\t\t\t<div class=\"elementor-widget-wrap elementor-element-populated\">\n\t\t\t\t\t\t<div class=\"elementor-element elementor-element-95f9709 elementor-widget elementor-widget-spacer\" data-id=\"95f9709\" data-element_type=\"widget\" data-e-type=\"widget\" data-widget_type=\"spacer.default\">\n\t\t\t\t\t\t\t<div class=\"elementor-spacer\">\n\t\t\t<div class=\"elementor-spacer-inner\"><\/div>\n\t\t<\/div>\n\t\t\t\t\t\t<\/div>\n\t\t\t\t<div class=\"elementor-element elementor-element-2c21c3d elementor-widget elementor-widget-luxed-divider\" data-id=\"2c21c3d\" data-element_type=\"widget\" data-e-type=\"widget\" data-widget_type=\"luxed-divider.default\">\n\t\t\t\t<div class=\"elementor-widget-container\">\n\t\t\t\t\t<div class=\"horizontal-divider heading-typography style-1\">\t\t<h3 >TEMOIGNAGES<\/h3>\r\n\t\t<\/div>\t\t\t\t<\/div>\n\t\t\t\t<\/div>\n\t\t\t\t<div class=\"elementor-element elementor-element-1add180 elementor-widget elementor-widget-heading\" data-id=\"1add180\" data-element_type=\"widget\" data-e-type=\"widget\" data-widget_type=\"heading.default\">\n\t\t\t\t\t<h1 class=\"elementor-heading-title elementor-size-default\">Notre livre d'Or !<\/h1>\t\t\t\t<\/div>\n\t\t\t\t<div class=\"elementor-element elementor-element-3a0e91b elementor-widget elementor-widget-text-editor\" data-id=\"3a0e91b\" data-element_type=\"widget\" data-e-type=\"widget\" data-widget_type=\"text-editor.default\">\n\t\t\t\t\t\t\t\t\tMerci \u00e0 tous nos h\u00f4tes qui ont choisi de s\u2019\u00e9vader aux Galants,<br> le temps d\u2019une nuit suspendue entre ciel et nature.<br>\nVos mots prolongent la magie des lieux et laissent une empreinte aussi douce<br> que les souvenirs que vous avez cr\u00e9\u00e9s ici.\t\t\t\t\t\t\t\t<\/div>\n\t\t\t\t<div class=\"elementor-element elementor-element-d447aa3 elementor-widget elementor-widget-spacer\" data-id=\"d447aa3\" data-element_type=\"widget\" data-e-type=\"widget\" data-widget_type=\"spacer.default\">\n\t\t\t\t\t\t\t<div class=\"elementor-spacer\">\n\t\t\t<div class=\"elementor-spacer-inner\"><\/div>\n\t\t<\/div>\n\t\t\t\t\t\t<\/div>\n\t\t\t\t<div class=\"elementor-element elementor-element-26cbc86 elementor-widget elementor-widget-spacer\" data-id=\"26cbc86\" data-element_type=\"widget\" data-e-type=\"widget\" data-widget_type=\"spacer.default\">\n\t\t\t\t\t\t\t<div class=\"elementor-spacer\">\n\t\t\t<div class=\"elementor-spacer-inner\"><\/div>\n\t\t<\/div>\n\t\t\t\t\t\t<\/div>\n\t\t\t\t\t<\/div>\n\t\t<\/div>\n\t\t\t\t\t<\/div>\n\t\t<\/section>\n\t\t\t\t<section class=\"elementor-section elementor-top-section elementor-element elementor-element-0286f42 elementor-section-content-middle elementor-section-boxed elementor-section-height-default elementor-section-height-default no no no\" data-id=\"0286f42\" data-element_type=\"section\" data-e-type=\"section\" data-settings=\"{&quot;background_background&quot;:&quot;classic&quot;}\">\n\t\t\t\t\t\t<div class=\"elementor-container elementor-column-gap-no\">\n\t\t\t\t\t<div class=\"elementor-column elementor-col-50 elementor-top-column elementor-element elementor-element-d8bacf7\" data-id=\"d8bacf7\" data-element_type=\"column\" data-e-type=\"column\" data-settings=\"{&quot;background_background&quot;:&quot;classic&quot;}\">\n\t\t\t<div class=\"elementor-widget-wrap elementor-element-populated\">\n\t\t\t\t\t\t<div class=\"elementor-element elementor-element-de95ecf elementor-widget elementor-widget-text-editor\" data-id=\"de95ecf\" data-element_type=\"widget\" data-e-type=\"widget\" data-widget_type=\"text-editor.default\">\n\t\t\t\t\t\t\t\t\t<p>Bonjour Monsieur &#8220;Xavier&#8221;<br \/>Un grand merci pour cette belle aventure de ce weekend.<\/p><p>Vous avez r\u00e9ussi \u00e0 faire de cette originalit\u00e9 &#8220;des nids Perch\u00e9s&#8221; un moment de pl\u00e9nitude et de s\u00e9r\u00e9nit\u00e9 inscrit a jamais dans nos m\u00e9moires.<\/p><p>Quelle pr\u00e9cieuse attention de recevoir son petit d\u00e9jeuner d\u00e9pos\u00e9 d\u00e9licatement aupr\u00e8s de notre nid. Nous avons appr\u00e9ci\u00e9 les diff\u00e9rentes saveurs des mets que vous nous avez soigneusement pr\u00e9par\u00e9s.<\/p><p>Par ce t\u00e9moignage, je rends gr\u00e2ce \u00e0 votre d\u00e9vouement et votre cr\u00e9ativit\u00e9. F\u00e9licitations.<br \/>Bien \u00e0 vous .<\/p>\t\t\t\t\t\t\t\t<\/div>\n\t\t\t\t<div class=\"elementor-element elementor-element-05e39be elementor-widget elementor-widget-luxed-divider\" data-id=\"05e39be\" data-element_type=\"widget\" data-e-type=\"widget\" data-widget_type=\"luxed-divider.default\">\n\t\t\t\t<div class=\"elementor-widget-container\">\n\t\t\t\t\t<div class=\"horizontal-divider heading-typography style-2\">\t\t<h3 >Sandrine LAUXERROIS ( d'Angers) avec Monsieur Thierry HUBAC<\/h3>\r\n\t\t<\/div>\t\t\t\t<\/div>\n\t\t\t\t<\/div>\n\t\t\t\t\t<\/div>\n\t\t<\/div>\n\t\t\t\t<div class=\"elementor-column elementor-col-50 elementor-top-column elementor-element elementor-element-7573e02\" data-id=\"7573e02\" data-element_type=\"column\" data-e-type=\"column\">\n\t\t\t<div class=\"elementor-widget-wrap elementor-element-populated\">\n\t\t\t\t\t\t<div class=\"elementor-element elementor-element-04d1e37 no elementor-widget elementor-widget-image\" data-id=\"04d1e37\" data-element_type=\"widget\" data-e-type=\"widget\" data-widget_type=\"image.default\">\n\t\t\t\t\t\t\t\t\t\t\t\t\t\t\t<img decoding=\"async\" src=\"https:\/\/lesgalants.prod-comunimage.com\/wp-content\/uploads\/elementor\/thumbs\/Temoignage1-1-rm18gpf37cb3vnmkstwwrb58ze2a3juh0ws36cnzlc.jpg\" title=\"Temoignage1\" alt=\"T\u00e9moignage Les Galants\" loading=\"lazy\" \/>\t\t\t\t\t\t\t\t\t\t\t\t\t\t\t<\/div>\n\t\t\t\t\t<\/div>\n\t\t<\/div>\n\t\t\t\t\t<\/div>\n\t\t<\/section>\n\t\t\t\t<section class=\"elementor-section elementor-top-section elementor-element elementor-element-7b97e72 elementor-section-content-middle elementor-section-boxed elementor-section-height-default elementor-section-height-default no no no\" data-id=\"7b97e72\" data-element_type=\"section\" data-e-type=\"section\" data-settings=\"{&quot;background_background&quot;:&quot;classic&quot;}\">\n\t\t\t\t\t\t<div class=\"elementor-container elementor-column-gap-no\">\n\t\t\t\t\t<div class=\"elementor-column elementor-col-50 elementor-top-column elementor-element elementor-element-4f21591\" data-id=\"4f21591\" data-element_type=\"column\" data-e-type=\"column\">\n\t\t\t<div class=\"elementor-widget-wrap elementor-element-populated\">\n\t\t\t\t\t\t<div class=\"elementor-element elementor-element-8ba2cf9 no elementor-widget elementor-widget-image\" data-id=\"8ba2cf9\" data-element_type=\"widget\" data-e-type=\"widget\" data-widget_type=\"image.default\">\n\t\t\t\t\t\t\t\t\t\t\t\t\t\t\t<img decoding=\"async\" src=\"https:\/\/lesgalants.prod-comunimage.com\/wp-content\/uploads\/elementor\/thumbs\/Temoignage2-rm18l0igj07f3bdan6ycoq0azytudly6m8f7d0a12o.jpg\" title=\"Temoignage2\" alt=\"T\u00e9moignage Les Galants\" loading=\"lazy\" \/>\t\t\t\t\t\t\t\t\t\t\t\t\t\t\t<\/div>\n\t\t\t\t\t<\/div>\n\t\t<\/div>\n\t\t\t\t<div class=\"elementor-column elementor-col-50 elementor-top-column elementor-element elementor-element-8091ff7\" data-id=\"8091ff7\" data-element_type=\"column\" data-e-type=\"column\" data-settings=\"{&quot;background_background&quot;:&quot;classic&quot;}\">\n\t\t\t<div class=\"elementor-widget-wrap elementor-element-populated\">\n\t\t\t\t\t\t<div class=\"elementor-element elementor-element-20986fb elementor-widget elementor-widget-text-editor\" data-id=\"20986fb\" data-element_type=\"widget\" data-e-type=\"widget\" data-widget_type=\"text-editor.default\">\n\t\t\t\t\t\t\t\t\t<p>S\u00e9jour merveilleux aux Galants dans une cabane charmante dans de magnifiques arbres. Nous avons pris l ap\u00e9ro dans nos transats au soleil sur la terrasse de notre cabane, c \u00e9tait vraiment top.<\/p><p>\u00a0<\/p><p>Petit d\u00e9j au soleil dans la prairie (nous avions d\u00e9plac\u00e9 les transats) Que du bonheur : pain complet aux c\u00e9r\u00e9ales excelent, confiture maison, madeleines etc&#8230;. d\u00e9licieux !<\/p><p>\u00a0<\/p><p>Tr\u00e8s chouettes balades aux alentours et les h\u00f4tes sont tr\u00e8s accueillants, chaleureux et adorables.<\/p><p>Nous recommandons vivement !<\/p>\t\t\t\t\t\t\t\t<\/div>\n\t\t\t\t<div class=\"elementor-element elementor-element-fb2bbab elementor-widget elementor-widget-luxed-divider\" data-id=\"fb2bbab\" data-element_type=\"widget\" data-e-type=\"widget\" data-widget_type=\"luxed-divider.default\">\n\t\t\t\t<div class=\"elementor-widget-container\">\n\t\t\t\t\t<div class=\"horizontal-divider heading-typography style-2\">\t\t<h3 >Vinciane D.<\/h3>\r\n\t\t<\/div>\t\t\t\t<\/div>\n\t\t\t\t<\/div>\n\t\t\t\t\t<\/div>\n\t\t<\/div>\n\t\t\t\t\t<\/div>\n\t\t<\/section>\n\t\t\t\t<section class=\"elementor-section elementor-top-section elementor-element elementor-element-aa02274 elementor-section-content-middle elementor-section-boxed elementor-section-height-default elementor-section-height-default no no no\" data-id=\"aa02274\" data-element_type=\"section\" data-e-type=\"section\" data-settings=\"{&quot;background_background&quot;:&quot;classic&quot;}\">\n\t\t\t\t\t\t<div class=\"elementor-container elementor-column-gap-no\">\n\t\t\t\t\t<div class=\"elementor-column elementor-col-50 elementor-top-column elementor-element elementor-element-9651b41\" data-id=\"9651b41\" data-element_type=\"column\" data-e-type=\"column\">\n\t\t\t<div class=\"elementor-widget-wrap elementor-element-populated\">\n\t\t\t\t\t\t<div class=\"elementor-element elementor-element-9662cb9 no elementor-widget elementor-widget-image\" data-id=\"9662cb9\" data-element_type=\"widget\" data-e-type=\"widget\" data-widget_type=\"image.default\">\n\t\t\t\t\t\t\t\t\t\t\t\t\t\t\t<img decoding=\"async\" src=\"https:\/\/lesgalants.prod-comunimage.com\/wp-content\/uploads\/elementor\/thumbs\/Temoignage3-rm18vzao9f7ujjfulxlnrydwhss06hhg4if4x80ohc.jpg\" title=\"Temoignage3\" alt=\"Temoignage3\" loading=\"lazy\" \/>\t\t\t\t\t\t\t\t\t\t\t\t\t\t\t<\/div>\n\t\t\t\t\t<\/div>\n\t\t<\/div>\n\t\t\t\t<div class=\"elementor-column elementor-col-50 elementor-top-column elementor-element elementor-element-18a9203\" data-id=\"18a9203\" data-element_type=\"column\" data-e-type=\"column\" data-settings=\"{&quot;background_background&quot;:&quot;classic&quot;}\">\n\t\t\t<div class=\"elementor-widget-wrap elementor-element-populated\">\n\t\t\t\t\t\t<div class=\"elementor-element elementor-element-b993574 no elementor-widget elementor-widget-image\" data-id=\"b993574\" data-element_type=\"widget\" data-e-type=\"widget\" data-widget_type=\"image.default\">\n\t\t\t\t\t\t\t\t\t\t\t\t\t\t\t<img decoding=\"async\" src=\"https:\/\/lesgalants.prod-comunimage.com\/wp-content\/uploads\/elementor\/thumbs\/Temoignage4-rm1940syqe85vfrbneqr3xbvgh5219erwbcoqg3f8w.jpg\" title=\"Temoignage4\" alt=\"Temoignage4\" loading=\"lazy\" \/>\t\t\t\t\t\t\t\t\t\t\t\t\t\t\t<\/div>\n\t\t\t\t\t<\/div>\n\t\t<\/div>\n\t\t\t\t\t<\/div>\n\t\t<\/section>\n\t\t\t\t<section class=\"elementor-section elementor-top-section elementor-element elementor-element-93a5a5b elementor-section-content-middle elementor-section-boxed elementor-section-height-default elementor-section-height-default no no no\" data-id=\"93a5a5b\" data-element_type=\"section\" data-e-type=\"section\" data-settings=\"{&quot;background_background&quot;:&quot;classic&quot;}\">\n\t\t\t\t\t\t<div class=\"elementor-container elementor-column-gap-no\">\n\t\t\t\t\t<div class=\"elementor-column elementor-col-50 elementor-top-column elementor-element elementor-element-0a9871e\" data-id=\"0a9871e\" data-element_type=\"column\" data-e-type=\"column\">\n\t\t\t<div class=\"elementor-widget-wrap elementor-element-populated\">\n\t\t\t\t\t\t<div class=\"elementor-element elementor-element-4070f64 no elementor-widget elementor-widget-image\" data-id=\"4070f64\" data-element_type=\"widget\" data-e-type=\"widget\" data-widget_type=\"image.default\">\n\t\t\t\t\t\t\t\t\t\t\t\t\t\t\t<img decoding=\"async\" src=\"https:\/\/lesgalants.prod-comunimage.com\/wp-content\/uploads\/elementor\/thumbs\/Temoignage5-rm198kcvrkg1zl5r4dfu5s22tiqx8lg2isv68lcx68.jpg\" title=\"Temoignage5\" alt=\"Temoignage5\" loading=\"lazy\" \/>\t\t\t\t\t\t\t\t\t\t\t\t\t\t\t<\/div>\n\t\t\t\t\t<\/div>\n\t\t<\/div>\n\t\t\t\t<div class=\"elementor-column elementor-col-50 elementor-top-column elementor-element elementor-element-103d8a4\" data-id=\"103d8a4\" data-element_type=\"column\" data-e-type=\"column\" data-settings=\"{&quot;background_background&quot;:&quot;classic&quot;}\">\n\t\t\t<div class=\"elementor-widget-wrap elementor-element-populated\">\n\t\t\t\t\t\t<div class=\"elementor-element elementor-element-7d62a32 no elementor-widget elementor-widget-image\" data-id=\"7d62a32\" data-element_type=\"widget\" data-e-type=\"widget\" data-widget_type=\"image.default\">\n\t\t\t\t\t\t\t\t\t\t\t\t\t\t\t<img decoding=\"async\" src=\"https:\/\/lesgalants.prod-comunimage.com\/wp-content\/uploads\/elementor\/thumbs\/Temoignage6-rm19f1guuhb5yvr5b67bc58e52ty9j5i2unl97rab4.jpg\" title=\"Temoignage6\" alt=\"Temoignage6\" loading=\"lazy\" \/>\t\t\t\t\t\t\t\t\t\t\t\t\t\t\t<\/div>\n\t\t\t\t\t<\/div>\n\t\t<\/div>\n\t\t\t\t\t<\/div>\n\t\t<\/section>\n\t\t<div class=\"elementor-element elementor-element-bceac5f e-flex e-con-boxed e-con e-parent\" data-id=\"bceac5f\" data-element_type=\"container\" data-e-type=\"container\" data-settings=\"{&quot;background_background&quot;:&quot;classic&quot;}\">\n\t\t\t\t\t<div class=\"e-con-inner\">\n\t\t\t\t<div class=\"elementor-element elementor-element-9cbe5e1 elementor-widget elementor-widget-spacer\" data-id=\"9cbe5e1\" data-element_type=\"widget\" data-e-type=\"widget\" data-widget_type=\"spacer.default\">\n\t\t\t\t\t\t\t<div class=\"elementor-spacer\">\n\t\t\t<div class=\"elementor-spacer-inner\"><\/div>\n\t\t<\/div>\n\t\t\t\t\t\t<\/div>\n\t\t\t\t\t<\/div>\n\t\t\t\t<\/div>\n\t\t\t\t<\/div>","protected":false},"excerpt":{"rendered":"<p>TEMOIGNAGES Notre livre d&#8217;Or ! Merci \u00e0 tous nos h\u00f4tes qui ont choisi de s\u2019\u00e9vader aux Galants, le temps d\u2019une nuit suspendue entre ciel et [&hellip;]<\/p>\n","protected":false},"author":1,"featured_media":0,"parent":0,"menu_order":0,"comment_status":"closed","ping_status":"closed","template":"","meta":{"_acf_changed":false,"footnotes":""},"class_list":["post-8060","page","type-page","status-publish","hentry","luxed-post"],"acf":[],"yoast_head":"<!-- This site is optimized with the Yoast SEO plugin v27.4 - https:\/\/yoast.com\/product\/yoast-seo-wordpress\/ -->\n<title>Les Galants \u00e0 Saint-V\u00e9rain | Notre livre d&#039;or<\/title>\n<meta name=\"description\" content=\"Merci \u00e0 tous nos h\u00f4tes pour leurs messages et d\u00e9licates attentions suite \u00e0 leur s\u00e9jour dans l&#039;une de nos cabanes dans les arbres.\" \/>\n<meta name=\"robots\" content=\"index, follow, max-snippet:-1, max-image-preview:large, max-video-preview:-1\" \/>\n<link rel=\"canonical\" href=\"https:\/\/lesgalants.prod-comunimage.com\/en\/livre-d-or\/\" \/>\n<meta property=\"og:locale\" content=\"en_GB\" \/>\n<meta property=\"og:type\" content=\"article\" \/>\n<meta property=\"og:title\" content=\"Les Galants \u00e0 Saint-V\u00e9rain | Notre livre d&#039;or\" \/>\n<meta property=\"og:description\" content=\"Merci \u00e0 tous nos h\u00f4tes pour leurs messages et d\u00e9licates attentions suite \u00e0 leur s\u00e9jour dans l&#039;une de nos cabanes dans les arbres.\" \/>\n<meta property=\"og:url\" content=\"https:\/\/lesgalants.prod-comunimage.com\/en\/livre-d-or\/\" \/>\n<meta property=\"og:site_name\" content=\"Les Galants\" \/>\n<meta property=\"article:modified_time\" content=\"2026-04-15T08:39:21+00:00\" \/>\n<meta property=\"og:image\" content=\"https:\/\/lesgalants.prod-comunimage.com\/wp-content\/uploads\/elementor\/thumbs\/Temoignage1-1-rm18gpf37cb3vnmkstwwrb58ze2a3juh0ws2uxurk0.jpg\" \/>\n<meta name=\"twitter:card\" content=\"summary_large_image\" \/>\n<meta name=\"twitter:label1\" content=\"Estimated reading time\" \/>\n\t<meta name=\"twitter:data1\" content=\"1 minute\" \/>\n<script type=\"application\/ld+json\" class=\"yoast-schema-graph\">{\"@context\":\"https:\\\/\\\/schema.org\",\"@graph\":[{\"@type\":\"WebPage\",\"@id\":\"https:\\\/\\\/lesgalants.prod-comunimage.com\\\/livre-d-or\\\/\",\"url\":\"https:\\\/\\\/lesgalants.prod-comunimage.com\\\/livre-d-or\\\/\",\"name\":\"Les Galants \u00e0 Saint-V\u00e9rain | Notre livre d'or\",\"isPartOf\":{\"@id\":\"https:\\\/\\\/lesgalants.prod-comunimage.com\\\/#website\"},\"primaryImageOfPage\":{\"@id\":\"https:\\\/\\\/lesgalants.prod-comunimage.com\\\/livre-d-or\\\/#primaryimage\"},\"image\":{\"@id\":\"https:\\\/\\\/lesgalants.prod-comunimage.com\\\/livre-d-or\\\/#primaryimage\"},\"thumbnailUrl\":\"https:\\\/\\\/lesgalants.prod-comunimage.com\\\/wp-content\\\/uploads\\\/elementor\\\/thumbs\\\/Temoignage1-1-rm18gpf37cb3vnmkstwwrb58ze2a3juh0ws2uxurk0.jpg\",\"datePublished\":\"2026-04-15T08:06:35+00:00\",\"dateModified\":\"2026-04-15T08:39:21+00:00\",\"description\":\"Merci \u00e0 tous nos h\u00f4tes pour leurs messages et d\u00e9licates attentions suite \u00e0 leur s\u00e9jour dans l'une de nos cabanes dans les arbres.\",\"breadcrumb\":{\"@id\":\"https:\\\/\\\/lesgalants.prod-comunimage.com\\\/livre-d-or\\\/#breadcrumb\"},\"inLanguage\":\"en-GB\",\"potentialAction\":[{\"@type\":\"ReadAction\",\"target\":[\"https:\\\/\\\/lesgalants.prod-comunimage.com\\\/livre-d-or\\\/\"]}]},{\"@type\":\"ImageObject\",\"inLanguage\":\"en-GB\",\"@id\":\"https:\\\/\\\/lesgalants.prod-comunimage.com\\\/livre-d-or\\\/#primaryimage\",\"url\":\"https:\\\/\\\/lesgalants.prod-comunimage.com\\\/wp-content\\\/uploads\\\/elementor\\\/thumbs\\\/Temoignage1-1-rm18gpf37cb3vnmkstwwrb58ze2a3juh0ws2uxurk0.jpg\",\"contentUrl\":\"https:\\\/\\\/lesgalants.prod-comunimage.com\\\/wp-content\\\/uploads\\\/elementor\\\/thumbs\\\/Temoignage1-1-rm18gpf37cb3vnmkstwwrb58ze2a3juh0ws2uxurk0.jpg\"},{\"@type\":\"BreadcrumbList\",\"@id\":\"https:\\\/\\\/lesgalants.prod-comunimage.com\\\/livre-d-or\\\/#breadcrumb\",\"itemListElement\":[{\"@type\":\"ListItem\",\"position\":1,\"name\":\"Accueil\",\"item\":\"https:\\\/\\\/lesgalants.prod-comunimage.com\\\/\"},{\"@type\":\"ListItem\",\"position\":2,\"name\":\"Livre d&#8217;Or\"}]},{\"@type\":\"WebSite\",\"@id\":\"https:\\\/\\\/lesgalants.prod-comunimage.com\\\/#website\",\"url\":\"https:\\\/\\\/lesgalants.prod-comunimage.com\\\/\",\"name\":\"Les Galants\",\"description\":\"Location cabanes insolites en Bourgogne\",\"publisher\":{\"@id\":\"https:\\\/\\\/lesgalants.prod-comunimage.com\\\/#organization\"},\"potentialAction\":[{\"@type\":\"SearchAction\",\"target\":{\"@type\":\"EntryPoint\",\"urlTemplate\":\"https:\\\/\\\/lesgalants.prod-comunimage.com\\\/?s={search_term_string}\"},\"query-input\":{\"@type\":\"PropertyValueSpecification\",\"valueRequired\":true,\"valueName\":\"search_term_string\"}}],\"inLanguage\":\"en-GB\"},{\"@type\":\"Organization\",\"@id\":\"https:\\\/\\\/lesgalants.prod-comunimage.com\\\/#organization\",\"name\":\"Les Galants\",\"url\":\"https:\\\/\\\/lesgalants.prod-comunimage.com\\\/\",\"logo\":{\"@type\":\"ImageObject\",\"inLanguage\":\"en-GB\",\"@id\":\"https:\\\/\\\/lesgalants.prod-comunimage.com\\\/#\\\/schema\\\/logo\\\/image\\\/\",\"url\":\"https:\\\/\\\/lesgalants.prod-comunimage.com\\\/wp-content\\\/uploads\\\/2026\\\/03\\\/logo-galants.png\",\"contentUrl\":\"https:\\\/\\\/lesgalants.prod-comunimage.com\\\/wp-content\\\/uploads\\\/2026\\\/03\\\/logo-galants.png\",\"width\":163,\"height\":130,\"caption\":\"Les Galants\"},\"image\":{\"@id\":\"https:\\\/\\\/lesgalants.prod-comunimage.com\\\/#\\\/schema\\\/logo\\\/image\\\/\"}}]}<\/script>\n<!-- \/ Yoast SEO plugin. -->","yoast_head_json":{"title":"Les Galants \u00e0 Saint-V\u00e9rain | Notre livre d'or","description":"Merci \u00e0 tous nos h\u00f4tes pour leurs messages et d\u00e9licates attentions suite \u00e0 leur s\u00e9jour dans l'une de nos cabanes dans les arbres.","robots":{"index":"index","follow":"follow","max-snippet":"max-snippet:-1","max-image-preview":"max-image-preview:large","max-video-preview":"max-video-preview:-1"},"canonical":"https:\/\/lesgalants.prod-comunimage.com\/en\/livre-d-or\/","og_locale":"en_GB","og_type":"article","og_title":"Les Galants \u00e0 Saint-V\u00e9rain | Notre livre d'or","og_description":"Merci \u00e0 tous nos h\u00f4tes pour leurs messages et d\u00e9licates attentions suite \u00e0 leur s\u00e9jour dans l'une de nos cabanes dans les arbres.","og_url":"https:\/\/lesgalants.prod-comunimage.com\/en\/livre-d-or\/","og_site_name":"Les Galants","article_modified_time":"2026-04-15T08:39:21+00:00","og_image":[{"url":"https:\/\/lesgalants.prod-comunimage.com\/wp-content\/uploads\/elementor\/thumbs\/Temoignage1-1-rm18gpf37cb3vnmkstwwrb58ze2a3juh0ws2uxurk0.jpg","type":"","width":"","height":""}],"twitter_card":"summary_large_image","twitter_misc":{"Estimated reading time":"1 minute"},"schema":{"@context":"https:\/\/schema.org","@graph":[{"@type":"WebPage","@id":"https:\/\/lesgalants.prod-comunimage.com\/livre-d-or\/","url":"https:\/\/lesgalants.prod-comunimage.com\/livre-d-or\/","name":"Les Galants \u00e0 Saint-V\u00e9rain | Notre livre d'or","isPartOf":{"@id":"https:\/\/lesgalants.prod-comunimage.com\/#website"},"primaryImageOfPage":{"@id":"https:\/\/lesgalants.prod-comunimage.com\/livre-d-or\/#primaryimage"},"image":{"@id":"https:\/\/lesgalants.prod-comunimage.com\/livre-d-or\/#primaryimage"},"thumbnailUrl":"https:\/\/lesgalants.prod-comunimage.com\/wp-content\/uploads\/elementor\/thumbs\/Temoignage1-1-rm18gpf37cb3vnmkstwwrb58ze2a3juh0ws2uxurk0.jpg","datePublished":"2026-04-15T08:06:35+00:00","dateModified":"2026-04-15T08:39:21+00:00","description":"Merci \u00e0 tous nos h\u00f4tes pour leurs messages et d\u00e9licates attentions suite \u00e0 leur s\u00e9jour dans l'une de nos cabanes dans les arbres.","breadcrumb":{"@id":"https:\/\/lesgalants.prod-comunimage.com\/livre-d-or\/#breadcrumb"},"inLanguage":"en-GB","potentialAction":[{"@type":"ReadAction","target":["https:\/\/lesgalants.prod-comunimage.com\/livre-d-or\/"]}]},{"@type":"ImageObject","inLanguage":"en-GB","@id":"https:\/\/lesgalants.prod-comunimage.com\/livre-d-or\/#primaryimage","url":"https:\/\/lesgalants.prod-comunimage.com\/wp-content\/uploads\/elementor\/thumbs\/Temoignage1-1-rm18gpf37cb3vnmkstwwrb58ze2a3juh0ws2uxurk0.jpg","contentUrl":"https:\/\/lesgalants.prod-comunimage.com\/wp-content\/uploads\/elementor\/thumbs\/Temoignage1-1-rm18gpf37cb3vnmkstwwrb58ze2a3juh0ws2uxurk0.jpg"},{"@type":"BreadcrumbList","@id":"https:\/\/lesgalants.prod-comunimage.com\/livre-d-or\/#breadcrumb","itemListElement":[{"@type":"ListItem","position":1,"name":"Accueil","item":"https:\/\/lesgalants.prod-comunimage.com\/"},{"@type":"ListItem","position":2,"name":"Livre d&#8217;Or"}]},{"@type":"WebSite","@id":"https:\/\/lesgalants.prod-comunimage.com\/#website","url":"https:\/\/lesgalants.prod-comunimage.com\/","name":"Les Galants","description":"Unusual treehouse rentals in Burgundy","publisher":{"@id":"https:\/\/lesgalants.prod-comunimage.com\/#organization"},"potentialAction":[{"@type":"SearchAction","target":{"@type":"EntryPoint","urlTemplate":"https:\/\/lesgalants.prod-comunimage.com\/?s={search_term_string}"},"query-input":{"@type":"PropertyValueSpecification","valueRequired":true,"valueName":"search_term_string"}}],"inLanguage":"en-GB"},{"@type":"Organization","@id":"https:\/\/lesgalants.prod-comunimage.com\/#organization","name":"Les Galants","url":"https:\/\/lesgalants.prod-comunimage.com\/","logo":{"@type":"ImageObject","inLanguage":"en-GB","@id":"https:\/\/lesgalants.prod-comunimage.com\/#\/schema\/logo\/image\/","url":"https:\/\/lesgalants.prod-comunimage.com\/wp-content\/uploads\/2026\/03\/logo-galants.png","contentUrl":"https:\/\/lesgalants.prod-comunimage.com\/wp-content\/uploads\/2026\/03\/logo-galants.png","width":163,"height":130,"caption":"Les Galants"},"image":{"@id":"https:\/\/lesgalants.prod-comunimage.com\/#\/schema\/logo\/image\/"}}]}},"_links":{"self":[{"href":"https:\/\/lesgalants.prod-comunimage.com\/en\/wp-json\/wp\/v2\/pages\/8060","targetHints":{"allow":["GET"]}}],"collection":[{"href":"https:\/\/lesgalants.prod-comunimage.com\/en\/wp-json\/wp\/v2\/pages"}],"about":[{"href":"https:\/\/lesgalants.prod-comunimage.com\/en\/wp-json\/wp\/v2\/types\/page"}],"author":[{"embeddable":true,"href":"https:\/\/lesgalants.prod-comunimage.com\/en\/wp-json\/wp\/v2\/users\/1"}],"replies":[{"embeddable":true,"href":"https:\/\/lesgalants.prod-comunimage.com\/en\/wp-json\/wp\/v2\/comments?post=8060"}],"version-history":[{"count":16,"href":"https:\/\/lesgalants.prod-comunimage.com\/en\/wp-json\/wp\/v2\/pages\/8060\/revisions"}],"predecessor-version":[{"id":8087,"href":"https:\/\/lesgalants.prod-comunimage.com\/en\/wp-json\/wp\/v2\/pages\/8060\/revisions\/8087"}],"wp:attachment":[{"href":"https:\/\/lesgalants.prod-comunimage.com\/en\/wp-json\/wp\/v2\/media?parent=8060"}],"curies":[{"name":"wp","href":"https:\/\/api.w.org\/{rel}","templated":true}]}}